{"id":1135,"date":"2015-06-02T10:20:27","date_gmt":"2015-06-02T08:20:27","guid":{"rendered":"https:\/\/atlantika.net\/?page_id=1135"},"modified":"2024-08-20T22:09:42","modified_gmt":"2024-08-20T20:09:42","slug":"cuadro-resumen","status":"publish","type":"page","link":"https:\/\/atlantika.net\/es\/cuadro-resumen\/","title":{"rendered":"CUADRO RESUMEN"},"content":{"rendered":"<p><div class=\"fusion-fullwidth fullwidth-box fusion-builder-row-1 nonhundred-percent-fullwidth non-hundred-percent-height-scrolling\" style=\"--awb-background-position:left top;--awb-border-sizes-top:1px;--awb-border-sizes-bottom:1px;--awb-border-sizes-left:0px;--awb-border-sizes-right:0px;--awb-border-color:#e5e4e4;--awb-border-radius-top-left:0px;--awb-border-radius-top-right:0px;--awb-border-radius-bottom-right:0px;--awb-border-radius-bottom-left:0px;--awb-padding-top:25px;--awb-padding-right:0px;--awb-padding-bottom:0px;--awb-padding-left:0px;--awb-background-color:#f8f8f8;--awb-flex-wrap:wrap;\" ><div class=\"fusion-builder-row fusion-row\"><div class=\"fusion-layout-column fusion_builder_column fusion-builder-column-0 fusion_builder_column_1_1 1_1 fusion-one-full fusion-column-first fusion-column-last fusion-column-no-min-height\" style=\"--awb-bg-size:cover;--awb-margin-bottom:0px;\"><div class=\"fusion-column-wrapper fusion-flex-column-wrapper-legacy\"><div class=\"fusion-text fusion-text-1\"><h1 style=\"font-size: 30px; text-align: center;\"><strong>CUADRO RESUMEN &#8211; CURSOS EN CONIL<br \/>\n<\/strong><\/h1>\n<\/div><div class=\"fusion-clearfix\"><\/div><\/div><\/div><\/div><\/div><div class=\"fusion-fullwidth fullwidth-box fusion-builder-row-2 hundred-percent-fullwidth non-hundred-percent-height-scrolling\" style=\"--awb-border-radius-top-left:0px;--awb-border-radius-top-right:0px;--awb-border-radius-bottom-right:0px;--awb-border-radius-bottom-left:0px;--awb-overflow:visible;--awb-flex-wrap:wrap;\" ><div class=\"fusion-builder-row fusion-row\"><div class=\"fusion-layout-column fusion_builder_column fusion-builder-column-1 fusion_builder_column_1_1 1_1 fusion-one-full fusion-column-first fusion-column-last fusion-column-no-min-height\" style=\"--awb-bg-size:cover;--awb-margin-bottom:0px;\"><div class=\"fusion-column-wrapper fusion-flex-column-wrapper-legacy\"><div class=\"fusion-text fusion-text-2\"><div class=\"table-1\">\n<\/div><div class=\"fusion-sep-clear\"><\/div><div class=\"fusion-separator fusion-full-width-sep\" style=\"margin-left: auto;margin-right: auto;margin-bottom:20px;width:100%;\"><\/div><div class=\"fusion-sep-clear\"><\/div><div class=\"fusion-text fusion-text-3\">\n<table id=\"tablepress-11\" class=\"tablepress tablepress-id-11\">\n<thead>\n<tr class=\"row-1\">\n\t<th class=\"column-1\">Main Courses<\/th><th class=\"column-2\">Clases\/semana\t<\/th><th class=\"column-3\">1 semana<\/th><th class=\"column-4\">2 semanas<\/th>\n<\/tr>\n<\/thead>\n<tbody class=\"row-striping row-hover\">\n<tr class=\"row-2\">\n\t<td class=\"column-1\"><strong>Curso de espa\u00f1ol intensivo <\/strong> <a href=\"https:\/\/atlantika.net\/es\/cursos-de-espanol\/#01\" rel=\"noopener noreferrer\" target=\"_blank\">ver m\u00e1s\u2026<\/a><\/td><td class=\"column-2\">20<\/td><td class=\"column-3\">200 \u20ac<\/td><td class=\"column-4\">330 \u20ac<\/td>\n<\/tr>\n<tr class=\"row-3\">\n\t<td class=\"column-1\"><strong>Curso de espa\u00f1ol super intensivo<\/strong>  <a href=\"https:\/\/atlantika.net\/es\/cursos-de-espanol\/#02\" rel=\"noopener noreferrer\" target=\"_blank\">ver m\u00e1s\u2026<\/a><\/td><td class=\"column-2\">30<\/td><td class=\"column-3\">330 \u20ac<\/td><td class=\"column-4\">530 \u20ac<\/td>\n<\/tr>\n<tr class=\"row-4\">\n\t<td class=\"column-1\"><strong>Clases particulares <\/strong><a href=\"https:\/\/atlantika.net\/es\/cursos-de-espanol\/#03\" rel=\"noopener noreferrer\" target=\"_blank\">ver m\u00e1s\u2026<\/a><\/td><td class=\"column-2\">10<\/td><td class=\"column-3\">260 \u20ac<\/td><td class=\"column-4\">520 \u20ac<\/td>\n<\/tr>\n<tr class=\"row-5\">\n\t<td class=\"column-1\"><strong>Cursos de espa\u00f1ol intensivo + 10 clases particulares<\/strong> <a href=\"https:\/\/atlantika.net\/es\/cursos-de-espanol\/#05\" rel=\"noopener noreferrer\" target=\"_blank\">ver m\u00e1s\u2026<\/a><\/td><td class=\"column-2\">20 + 10<\/td><td class=\"column-3\">460 \u20ac<\/td><td class=\"column-4\">850 \u20ac<\/td>\n<\/tr>\n<tr class=\"row-6\">\n\t<td class=\"column-1\"><strong>Espa\u00f1ol para j\u00f3venes + alojamiento en habitaci\u00f3n doble<\/strong>\u00a0<a href=\"https:\/\/atlantika.net\/es\/cursos-especiales\/#24\" rel=\"noopener noreferrer\" target=\"_blank\">ver m\u00e1s\u2026<\/a><\/td><td class=\"column-2\">20<\/td><td class=\"column-3\">-<\/td><td class=\"column-4\">880 \u20ac<\/td>\n<\/tr>\n<tr class=\"row-7\">\n\t<td class=\"column-1\"><strong>Curso de preparaci\u00f3n para el bachillerato<\/strong>\u00a0<a href=\"https:\/\/atlantika.net\/es\/diplomas-de-idiomas-y-profesion\/#10\" rel=\"noopener noreferrer\" target=\"_blank\">ver m\u00e1s\u2026<\/a><\/td><td class=\"column-2\">20 + 10<\/td><td class=\"column-3\">-<\/td><td class=\"column-4\">530 \u20ac<\/td>\n<\/tr>\n<\/tbody>\n<\/table>\n<!-- #tablepress-11 from cache -->\n<\/div><div class=\"fusion-sep-clear\"><\/div><div class=\"fusion-separator fusion-full-width-sep\" style=\"margin-left: auto;margin-right: auto;margin-bottom:20px;width:100%;\"><\/div><div class=\"fusion-sep-clear\"><\/div><div class=\"fusion-text fusion-text-4\">\n<table id=\"tablepress-154\" class=\"tablepress tablepress-id-154\">\n<thead>\n<tr class=\"row-1\">\n\t<th class=\"column-1\">Aprender espa\u00f1ol en l\u00ednea<\/th><th class=\"column-2\">Horas\/semana<\/th><th class=\"column-3\">1 semana<\/th><th class=\"column-4\">2 semanas<\/th>\n<\/tr>\n<\/thead>\n<tbody class=\"row-striping row-hover\">\n<tr class=\"row-2\">\n\t<td class=\"column-1\"><strong>Espa\u00f1ol v\u00eda Skype<\/strong>\u00a0<a href=\"https:\/\/atlantika.net\/es\/aprende-espanol-con-la-academia-atlantika-a-traves-de-skype\/\" rel=\"noopener noreferrer\" target=\"_blank\">m\u00e1s\u2026<\/a><\/td><td class=\"column-2\">5<\/td><td class=\"column-3\">90 \u20ac<\/td><td class=\"column-4\">180 \u20ac<\/td>\n<\/tr>\n<\/tbody>\n<\/table>\n<!-- #tablepress-154 from cache -->\n<\/div><div class=\"fusion-sep-clear\"><\/div><div class=\"fusion-separator fusion-full-width-sep\" style=\"margin-left: auto;margin-right: auto;margin-bottom:20px;width:100%;\"><\/div><div class=\"fusion-sep-clear\"><\/div><div class=\"fusion-text fusion-text-5\">\n<table id=\"tablepress-12\" class=\"tablepress tablepress-id-12\">\n<thead>\n<tr class=\"row-1\">\n\t<th class=\"column-1\">Cursos especiales<\/th><th class=\"column-2\">Clases\/semana\t<\/th><th class=\"column-3\">1 semana<\/th><th class=\"column-4\">2 semanas<\/th>\n<\/tr>\n<\/thead>\n<tbody class=\"row-striping row-hover\">\n<tr class=\"row-2\">\n\t<td class=\"column-1\"><strong>Curso de preperaci\u00f3n para el examen  D.E.L.E <\/strong><a href=\"https:\/\/atlantika.net\/es\/diplomas-de-idiomas-y-profesion\/#20\" rel=\"noopener noreferrer\" target=\"_blank\">ver m\u00e1s\u2026<\/a><\/td><td class=\"column-2\">20 + 10<\/td><td class=\"column-3\">-<\/td><td class=\"column-4\">595 \u20ac<\/td>\n<\/tr>\n<tr class=\"row-3\">\n\t<td class=\"column-1\"><strong>Espa\u00f1ol de los negocios <\/strong><a href=\"https:\/\/atlantika.net\/es\/diplomas-de-idiomas-y-profesion\/#30\" rel=\"noopener noreferrer\" target=\"_blank\">ver m\u00e1s\u2026<\/a><\/td><td class=\"column-2\">20 + 10<\/td><td class=\"column-3\">-<\/td><td class=\"column-4\">595 \u20ac<\/td>\n<\/tr>\n<tr class=\"row-4\">\n\t<td class=\"column-1\"><strong>Curso para profesores de espa\u00f1ol <\/strong><a href=\"https:\/\/atlantika.net\/es\/diplomas-de-idiomas-y-profesion\/#40\" rel=\"noopener noreferrer\" target=\"_blank\">ver m\u00e1s\u2026<\/a><\/td><td class=\"column-2\">20<\/td><td class=\"column-3\">-<\/td><td class=\"column-4\">580 \u20ac<\/td>\n<\/tr>\n<tr class=\"row-5\">\n\t<td class=\"column-1\"><strong>Curso master class 60+ <\/strong><a href=\"https:\/\/atlantika.net\/es\/cursos-especiales\/#21\" rel=\"noopener noreferrer\" target=\"_blank\">ver m\u00e1s\u2026<\/a><\/td><td class=\"column-2\">20<\/td><td class=\"column-3\">-<\/td><td class=\"column-4\">480 \u20ac<\/td>\n<\/tr>\n<tr class=\"row-6\">\n\t<td class=\"column-1\"><strong>Cursos para familias <\/strong><a href=\"https:\/\/atlantika.net\/es\/cursos-especiales\/#22\" rel=\"noopener noreferrer\" target=\"_blank\">ver m\u00e1s\u2026<\/a><\/td><td class=\"column-2\">20<\/td><td class=\"column-3\">240 \u20ac<\/td><td class=\"column-4\">360 \u20ac<\/td>\n<\/tr>\n<tr class=\"row-7\">\n\t<td class=\"column-1\"> <strong>Viajes ling\u00fc\u00edsticos para grupos <\/strong><a href=\"https:\/\/atlantika.net\/es\/cursos-especiales\/#23\" rel=\"noopener noreferrer\" target=\"_blank\">ver m\u00e1s\u2026<\/a><\/td><td class=\"column-2\">20 or 30<\/td><td class=\"column-3\">bajo petici\u00f3n\t<\/td><td class=\"column-4\">bajo petici\u00f3n\t<\/td>\n<\/tr>\n<\/tbody>\n<\/table>\n<!-- #tablepress-12 from cache -->\n<\/div><div class=\"fusion-sep-clear\"><\/div><div class=\"fusion-separator fusion-full-width-sep\" style=\"margin-left: auto;margin-right: auto;margin-bottom:20px;width:100%;\"><\/div><div class=\"fusion-sep-clear\"><\/div><div class=\"fusion-text fusion-text-6\">\n<table id=\"tablepress-155\" class=\"tablepress tablepress-id-155\">\n<thead>\n<tr class=\"row-1\">\n\t<th class=\"column-1\">Diplomas de idiomas y profesi\u00f3n<\/th><th class=\"column-2\">Horas\/semana<\/th><th class=\"column-3\">1 semana<\/th><th class=\"column-4\">2 semanas<\/th>\n<\/tr>\n<\/thead>\n<tbody class=\"row-striping row-hover\">\n<tr class=\"row-2\">\n\t<td class=\"column-1\"><strong>Preparaci\u00f3n Diploma de Idiomas D.E.L.E  <\/strong><a href=\"https:\/\/atlantika.net\/es\/diplomas-de-idiomas-y-profesion\/#sp_dele\" rel=\"noopener noreferrer\" target=\"_blank\">m\u00e1s\u2026<\/a><\/td><td class=\"column-2\">20 m\u00e1s 10<\/td><td class=\"column-3\">-<\/td><td class=\"column-4\">595 \u20ac<\/td>\n<\/tr>\n<tr class=\"row-3\">\n\t<td class=\"column-1\"><strong>Espa\u00f1ol de los negocios <\/strong> <a href=\"https:\/\/atlantika.net\/es\/diplomas-de-idiomas-y-profesion\/#es_wirtschaftspanisch\" rel=\"noopener noreferrer\" target=\"_blank\">m\u00e1s...<\/a><\/td><td class=\"column-2\">20 m\u00e1s 10<\/td><td class=\"column-3\">-<\/td><td class=\"column-4\">595 \u20ac<\/td>\n<\/tr>\n<tr class=\"row-4\">\n\t<td class=\"column-1\"><strong>Curso para profesores de espa\u00f1ol <\/strong><a href=\"https:\/\/atlantika.net\/es\/diplomas-de-idiomas-y-profesion\/#sp_lehrer\" rel=\"noopener noreferrer\" target=\"_blank\">m\u00e1s...<\/a><\/td><td class=\"column-2\">20<\/td><td class=\"column-3\">-<\/td><td class=\"column-4\">580 \u20ac<\/td>\n<\/tr>\n<\/tbody>\n<\/table>\n<!-- #tablepress-155 from cache -->\n<\/div><div class=\"fusion-sep-clear\"><\/div><div class=\"fusion-separator fusion-full-width-sep\" style=\"margin-left: auto;margin-right: auto;margin-bottom:20px;width:100%;\"><\/div><div class=\"fusion-sep-clear\"><\/div><div class=\"fusion-text fusion-text-7\">\n<table id=\"tablepress-13\" class=\"tablepress tablepress-id-13\">\n<thead>\n<tr class=\"row-1\">\n\t<th class=\"column-1\">Espa\u00f1ol + deporte<\/th><th class=\"column-2\">Clases\/semana<\/th><th class=\"column-3\">1 semana<\/th><th class=\"column-4\">2 semanas<\/th>\n<\/tr>\n<\/thead>\n<tbody class=\"row-striping row-hover\">\n<tr class=\"row-2\">\n\t<td class=\"column-1\"><strong>Surf <\/strong><a href=\"https:\/\/atlantika.net\/es\/cursos-especiales\/#sport\" rel=\"noopener noreferrer\" target=\"_blank\">ver m\u00e1s\u2026<\/a><\/td><td class=\"column-2\">4<\/td><td class=\"column-3\">58 \u20ac<\/td><td class=\"column-4\">116 \u20ac<\/td>\n<\/tr>\n<tr class=\"row-3\">\n\t<td class=\"column-1\"><strong>Kitesurf <\/strong><a href=\"https:\/\/atlantika.net\/es\/cursos-especiales\/#sport\" rel=\"noopener noreferrer\" target=\"_blank\">ver m\u00e1s\u2026<\/a><\/td><td class=\"column-2\">6<\/td><td class=\"column-3\">\/<\/td><td class=\"column-4\">300 \u20ac<\/td>\n<\/tr>\n<tr class=\"row-4\">\n\t<td class=\"column-1\"><strong>Tenis <\/strong><a href=\"https:\/\/atlantika.net\/es\/cursos-especiales\/#sport\" rel=\"noopener noreferrer\" target=\"_blank\">ver m\u00e1s\u2026<\/a><\/td><td class=\"column-2\">5<\/td><td class=\"column-3\">80 \u20ac<\/td><td class=\"column-4\">155 \u20ac<\/td>\n<\/tr>\n<\/tbody>\n<\/table>\n<!-- #tablepress-13 from cache -->\n<\/div><div class=\"fusion-clearfix\"><\/div><\/div><\/div><\/div><\/div><div class=\"fusion-fullwidth fullwidth-box fusion-builder-row-3 fusion-flex-container nonhundred-percent-fullwidth non-hundred-percent-height-scrolling\" style=\"--awb-border-radius-top-left:0px;--awb-border-radius-top-right:0px;--awb-border-radius-bottom-right:0px;--awb-border-radius-bottom-left:0px;--awb-flex-wrap:wrap;\" ><div class=\"fusion-builder-row fusion-row fusion-flex-align-items-flex-start fusion-flex-content-wrap\" style=\"max-width:1456px;margin-left: calc(-4% \/ 2 );margin-right: calc(-4% \/ 2 );\"><div class=\"fusion-layout-column fusion_builder_column fusion-builder-column-2 fusion_builder_column_1_1 1_1 fusion-flex-column\" style=\"--awb-bg-size:cover;--awb-width-large:100%;--awb-margin-top-large:0px;--awb-spacing-right-large:1.92%;--awb-margin-bottom-large:20px;--awb-spacing-left-large:1.92%;--awb-width-medium:100%;--awb-order-medium:0;--awb-spacing-right-medium:1.92%;--awb-spacing-left-medium:1.92%;--awb-width-small:100%;--awb-order-small:0;--awb-spacing-right-small:1.92%;--awb-spacing-left-small:1.92%;\"><div class=\"fusion-column-wrapper fusion-column-has-shadow fusion-flex-justify-content-flex-start fusion-content-layout-column\"><div class=\"fusion-text fusion-text-8\"><\/div><\/div><\/div><\/div><\/div><div class=\"fusion-fullwidth fullwidth-box fusion-builder-row-4 fusion-flex-container nonhundred-percent-fullwidth non-hundred-percent-height-scrolling\" style=\"--awb-border-radius-top-left:0px;--awb-border-radius-top-right:0px;--awb-border-radius-bottom-right:0px;--awb-border-radius-bottom-left:0px;--awb-background-color:#ededed;--awb-flex-wrap:wrap;\" ><div class=\"fusion-builder-row fusion-row fusion-flex-align-items-flex-start fusion-flex-content-wrap\" style=\"max-width:1456px;margin-left: calc(-4% \/ 2 );margin-right: calc(-4% \/ 2 );\"><div class=\"fusion-layout-column fusion_builder_column fusion-builder-column-3 fusion_builder_column_1_1 1_1 fusion-flex-column\" style=\"--awb-bg-size:cover;--awb-width-large:100%;--awb-margin-top-large:0px;--awb-spacing-right-large:1.92%;--awb-margin-bottom-large:20px;--awb-spacing-left-large:1.92%;--awb-width-medium:100%;--awb-order-medium:0;--awb-spacing-right-medium:1.92%;--awb-spacing-left-medium:1.92%;--awb-width-small:100%;--awb-order-small:0;--awb-spacing-right-small:1.92%;--awb-spacing-left-small:1.92%;\"><div class=\"fusion-column-wrapper fusion-column-has-shadow fusion-flex-justify-content-flex-start fusion-content-layout-column\"><div class=\"fusion-text fusion-text-9\"><p>&nbsp;<\/p>\n<p>1 hora de clase son 45 minutos, 1 hora de educaci\u00f3n f\u00edsica son 60 minutos.<\/p>\n<p><strong>Fechas:<\/strong><br \/>\nLos cursos suelen empezar todos los lunes. Todas las fechas se pueden encontrar en la descripci\u00f3n detallada en \u00abm\u00e1s\u00bb.<\/p>\n<p><strong>Vacaciones de invierno:<\/strong><br \/>\nDurante las vacaciones de invierno se pueden reservar clases particulares a precios reducidos.<\/p>\n<p><strong>Aviso:<\/strong><\/p>\n<p>Si no hay un grupo de, al menos dos estudiantes, el precio se mantendr\u00eda pero la duraci\u00f3n de las clases se reducir\u00eda a la mitad.<\/p>\n<\/div><\/div><\/div><\/div><\/div><div class=\"fusion-fullwidth fullwidth-box fusion-builder-row-5 fusion-flex-container nonhundred-percent-fullwidth non-hundred-percent-height-scrolling\" style=\"--awb-border-radius-top-left:0px;--awb-border-radius-top-right:0px;--awb-border-radius-bottom-right:0px;--awb-border-radius-bottom-left:0px;--awb-flex-wrap:wrap;\" ><div class=\"fusion-builder-row fusion-row fusion-flex-align-items-flex-start fusion-flex-content-wrap\" style=\"max-width:1456px;margin-left: calc(-4% \/ 2 );margin-right: calc(-4% \/ 2 );\"><div class=\"fusion-layout-column fusion_builder_column fusion-builder-column-4 fusion_builder_column_1_1 1_1 fusion-flex-column\" style=\"--awb-bg-size:cover;--awb-width-large:100%;--awb-margin-top-large:0px;--awb-spacing-right-large:1.92%;--awb-margin-bottom-large:0px;--awb-spacing-left-large:1.92%;--awb-width-medium:100%;--awb-spacing-right-medium:1.92%;--awb-spacing-left-medium:1.92%;--awb-width-small:100%;--awb-spacing-right-small:1.92%;--awb-spacing-left-small:1.92%;\"><div class=\"fusion-column-wrapper fusion-flex-justify-content-flex-start fusion-content-layout-column\"><div class=\"fusion-text fusion-text-10\"><\/div>\n<\/div><\/div><\/div><\/div><\/div><\/p>\n","protected":false},"excerpt":{"rendered":"","protected":false},"author":8,"featured_media":0,"parent":0,"menu_order":20,"comment_status":"closed","ping_status":"open","template":"","meta":{"footnotes":""},"class_list":["post-1135","page","type-page","status-publish","hentry"],"_links":{"self":[{"href":"https:\/\/atlantika.net\/es\/wp-json\/wp\/v2\/pages\/1135","targetHints":{"allow":["GET"]}}],"collection":[{"href":"https:\/\/atlantika.net\/es\/wp-json\/wp\/v2\/pages"}],"about":[{"href":"https:\/\/atlantika.net\/es\/wp-json\/wp\/v2\/types\/page"}],"author":[{"embeddable":true,"href":"https:\/\/atlantika.net\/es\/wp-json\/wp\/v2\/users\/8"}],"replies":[{"embeddable":true,"href":"https:\/\/atlantika.net\/es\/wp-json\/wp\/v2\/comments?post=1135"}],"version-history":[{"count":3,"href":"https:\/\/atlantika.net\/es\/wp-json\/wp\/v2\/pages\/1135\/revisions"}],"predecessor-version":[{"id":17084,"href":"https:\/\/atlantika.net\/es\/wp-json\/wp\/v2\/pages\/1135\/revisions\/17084"}],"wp:attachment":[{"href":"https:\/\/atlantika.net\/es\/wp-json\/wp\/v2\/media?parent=1135"}],"curies":[{"name":"wp","href":"https:\/\/api.w.org\/{rel}","templated":true}]}}